{"id":97,"date":"2017-03-27T13:40:09","date_gmt":"2017-03-27T11:40:09","guid":{"rendered":"http:\/\/haitienchoeur.org\/?page_id=97"},"modified":"2022-02-11T20:14:03","modified_gmt":"2022-02-11T19:14:03","slug":"nos-actions","status":"publish","type":"page","link":"https:\/\/haitienchoeur.org\/?page_id=97","title":{"rendered":"Nos actions"},"content":{"rendered":"<p><a href=\"https:\/\/haitienchoeur.org\/?attachment_id=896\" rel=\"attachment wp-att-896\"><img loading=\"lazy\" decoding=\"async\" class=\"aligncenter size-medium wp-image-896\" src=\"https:\/\/haitienchoeur.org\/wp-content\/uploads\/2019\/03\/IMG_20180909_113342_resized_20190301_112629180-225x300.jpg\" alt=\"\" width=\"225\" height=\"300\" srcset=\"https:\/\/haitienchoeur.org\/wp-content\/uploads\/2019\/03\/IMG_20180909_113342_resized_20190301_112629180-225x300.jpg 225w, https:\/\/haitienchoeur.org\/wp-content\/uploads\/2019\/03\/IMG_20180909_113342_resized_20190301_112629180-450x600.jpg 450w, https:\/\/haitienchoeur.org\/wp-content\/uploads\/2019\/03\/IMG_20180909_113342_resized_20190301_112629180-768x1024.jpg 768w, https:\/\/haitienchoeur.org\/wp-content\/uploads\/2019\/03\/IMG_20180909_113342_resized_20190301_112629180.jpg 1728w\" sizes=\"auto, (max-width: 225px) 100vw, 225px\" \/><\/a><\/p>\n<p style=\"text-align: justify;\">L&rsquo;essentiel des actions que nous menons en Ha\u00efti consiste \u00e0 augmenter les services propos\u00e9s par les \u00e9coles en quantit\u00e9 et en qualit\u00e9, et \u00e0 am\u00e9liorer leur infrastructures. Pour cela nous organisons des \u00e9v\u00e9nements en France pour r\u00e9colter des fonds et avons mis en place plusieurs modes de soutien.<\/p>\n<p><strong>Le soutien financier<\/strong><\/p>\n<p>Nous finan\u00e7ons des projets concrets dans les \u00e9coles tels que la construction et l&rsquo;am\u00e9nagement de nouvelles salles de classe, la cr\u00e9ation de biblioth\u00e8que et de <span style=\"color: #008000;\"><a style=\"color: #008000;\" href=\"http:\/\/haitienchoeur.org\/?p=780\">salle informatique<\/a><\/span>, les cantines scolaires, l&rsquo;<span style=\"color: #008000;\"><a style=\"color: #008000;\" href=\"http:\/\/haitienchoeur.org\/?p=962\">installation d&rsquo;\u00e9nergie solaires<\/a><\/span>, etc&#8230; Vous pouvez soutenir directement l&rsquo;un de ces projets en faisant un\u00a0<span style=\"color: #008000;\"><a style=\"color: #008000;\" href=\"http:\/\/haitienchoeur.org\/?page_id=121\" target=\"_blank\" rel=\"noopener\">don<\/a><\/span>.<\/p>\n<p style=\"text-align: left; padding-left: 60px;\"><span style=\"color: #008000;\"><strong><a style=\"color: #008000;\" href=\"http:\/\/soutenirhaiti.org\/?page_id=110\" target=\"_blank\" rel=\"noopener noreferrer\">Parrainage de l\u2019Ecole Notre Dame des Petits \u00e0 P-au-P<\/a><\/strong><\/span><\/p>\n<p style=\"text-align: left; padding-left: 60px;\"><span style=\"color: #008000;\"><strong><a style=\"color: #008000;\" href=\"http:\/\/soutenirhaiti.org\/?page_id=107\" target=\"_blank\" rel=\"noopener noreferrer\">Parrainage de l\u2019Ecole saint Jean dans la ville des Cayes<\/a><\/strong><\/span><\/p>\n<p style=\"text-align: left; padding-left: 60px;\"><a href=\"http:\/\/haitienchoeur.org\/?page_id=920\"><span style=\"color: #008000;\"><strong>Soutien \u00e0 l&rsquo;\u00e9cole-orphelinat de MOUNEPE \u00e0 Canaan<\/strong><\/span><\/a><\/p>\n<p style=\"padding-left: 40px;\">\u00a0 \u00a0 Soutien \u00e0 l&rsquo;\u00e9cole Christianville de Ti-Cousin<\/p>\n<p>Le parrainage propos\u00e9 concerne les institutions, et non pas les personnes. Quand vous parrainez les frais de scolarit\u00e9 d&rsquo;un enfant, en r\u00e9alit\u00e9 vous donnez la possibilit\u00e9 \u00e0 l&rsquo;\u00e9cole d&rsquo;accueillir un enfant en difficult\u00e9 de payer sa scolarit\u00e9. Vous donnez ainsi \u00e0 l&rsquo;association HA\u00cfTI en Choeur l&rsquo;opportunit\u00e9 \u00a0de financer des infrastructures ou des services compl\u00e9mentaires \u00e0 l&rsquo;\u00e9cole comme une biblioth\u00e8que, une salle informatique selon les besoins identifi\u00e9s et stipul\u00e9s par les responsables des \u00e9coles. Nous partons toujours des besoins et de demandes formul\u00e9s par nos correspondants. Ainsi, on \u00e9vite d&rsquo;imposer notre point de vue aux responsables sur place. De m\u00eame, vous, au lieu de parrainer des individus en particulier, enfants ou adultes, vous parrainez la structure qui les accueille. Cela \u00e9vite que les personnes que vous aidez deviennent d\u00e9pendantes de votre aide et de l&rsquo;aide \u00e9trang\u00e8re en g\u00e9n\u00e9ral. La tentation du paternalisme est r\u00e9prim\u00e9e et \u00a0une logique de renforcement des institutions est mise en place.<\/p>\n<div id=\"articles\">\n<p><b>Les dons en nature<\/b><\/p>\n<p>Vous pouvez participer \u00e0 nos <a href=\"http:\/\/haitienchoeur.org\/?p=687\"><span style=\"color: #008000;\">collectes<\/span><\/a> de livres, de mat\u00e9riels informatiques, de smartphones pour la prise de photos et vid\u00e9os de suivi, afin d&rsquo;\u00e9duquer les jeunes Ha\u00eftiens au monde num\u00e9rique et \u00e0 ouvrir grand leur esprit sur le monde.<\/p>\n<\/div>\n<p style=\"padding-left: 80px;\"><span style=\"color: #008000;\"><strong><a style=\"color: #008000;\" href=\"http:\/\/soutenirhaiti.org\/?page_id=113\" target=\"_blank\" rel=\"noopener noreferrer\">Formation <\/a><a style=\"color: #008000;\" href=\"http:\/\/soutenirhaiti.org\/?page_id=113\" target=\"_blank\" rel=\"noopener noreferrer\">en Ha\u00efti<\/a>\u00a0de b\u00e9n\u00e9voles, professeurs, \u00e9l\u00e8ves<\/strong><\/span><\/p>\n<p><strong>Le b\u00e9n\u00e9volat<\/strong><\/p>\n<div id=\"articles\">\n<p><span style=\"font-size: revert; color: initial; font-family: -apple-system, BlinkMacSystemFont, 'Segoe UI', Roboto, Oxygen-Sans, Ubuntu, Cantarell, 'Helvetica Neue', sans-serif;\">Nous organisons r\u00e9guli\u00e8rement des manifestations qui prennent du temps et n\u00e9cessitent la participation de plusieurs personnes. Nos <\/span><a style=\"font-size: revert; font-family: -apple-system, BlinkMacSystemFont, 'Segoe UI', Roboto, Oxygen-Sans, Ubuntu, Cantarell, 'Helvetica Neue', sans-serif;\" href=\"http:\/\/haitienchoeur.org\/?p=862\"><span style=\"color: #008000;\">journ\u00e9es d&rsquo;exposition<\/span><\/a><span style=\"font-size: revert; color: initial; font-family: -apple-system, BlinkMacSystemFont, 'Segoe UI', Roboto, Oxygen-Sans, Ubuntu, Cantarell, 'Helvetica Neue', sans-serif;\"> d&rsquo;art et d&rsquo;artisanat ha\u00eftien sont un lieu de rencontres pour les amateurs d&rsquo;art d&rsquo;ici et d&rsquo;ailleurs. Des tableaux, du fer d\u00e9coup\u00e9, du cacao et du caf\u00e9 bio, sortent directement du pays pour se retrouver dans votre salon et votre tasse. D&rsquo;autres oeuvres artistiques sont cr\u00e9\u00e9es par des b\u00e9n\u00e9voles fran\u00e7ais. Offrez vos oeuvres pour augmenter notre collection mise en vente. Commandez depuis notre <a href=\"https:\/\/haitienchoeur.org\/wp-content\/uploads\/2021\/03\/Catalogue-de-vente.pdf\">catalogue en ligne<\/a>. Soyez pr\u00e9sents \u00e0 nos cot\u00e9s pour tenir les stand de l&rsquo;association lors des expositions, les journ\u00e9es portes ouvertes, les march\u00e9s de No\u00ebl.\u00a0<\/span><\/p>\n<\/div>\n<h2 style=\"text-align: center;\"><span style=\"color: #000000;\"><strong><i>Nous vous en remercions beaucoup!<\/i><\/strong><\/span><\/h2>\n","protected":false},"excerpt":{"rendered":"<p>L&rsquo;essentiel des actions que nous menons en Ha\u00efti consiste \u00e0 augmenter les services propos\u00e9s par les \u00e9coles en quantit\u00e9 et en qualit\u00e9, et \u00e0 am\u00e9liorer leur infrastructures. Pour cela nous organisons des \u00e9v\u00e9nements en France pour r\u00e9colter des fonds et avons mis en place plusieurs modes de soutien. Le soutien financier Nous finan\u00e7ons des projets [&hellip;]<\/p>\n","protected":false},"author":1,"featured_media":0,"parent":0,"menu_order":0,"comment_status":"closed","ping_status":"closed","template":"","meta":{"_exactmetrics_skip_tracking":false,"_exactmetrics_sitenote_active":false,"_exactmetrics_sitenote_note":"","_exactmetrics_sitenote_category":0,"footnotes":""},"class_list":["post-97","page","type-page","status-publish","hentry","entry"],"_links":{"self":[{"href":"https:\/\/haitienchoeur.org\/index.php?rest_route=\/wp\/v2\/pages\/97","targetHints":{"allow":["GET"]}}],"collection":[{"href":"https:\/\/haitienchoeur.org\/index.php?rest_route=\/wp\/v2\/pages"}],"about":[{"href":"https:\/\/haitienchoeur.org\/index.php?rest_route=\/wp\/v2\/types\/page"}],"author":[{"embeddable":true,"href":"https:\/\/haitienchoeur.org\/index.php?rest_route=\/wp\/v2\/users\/1"}],"replies":[{"embeddable":true,"href":"https:\/\/haitienchoeur.org\/index.php?rest_route=%2Fwp%2Fv2%2Fcomments&post=97"}],"version-history":[{"count":26,"href":"https:\/\/haitienchoeur.org\/index.php?rest_route=\/wp\/v2\/pages\/97\/revisions"}],"predecessor-version":[{"id":1263,"href":"https:\/\/haitienchoeur.org\/index.php?rest_route=\/wp\/v2\/pages\/97\/revisions\/1263"}],"wp:attachment":[{"href":"https:\/\/haitienchoeur.org\/index.php?rest_route=%2Fwp%2Fv2%2Fmedia&parent=97"}],"curies":[{"name":"wp","href":"https:\/\/api.w.org\/{rel}","templated":true}]}}