{"id":920,"date":"2019-03-21T21:00:19","date_gmt":"2019-03-21T20:00:19","guid":{"rendered":"http:\/\/haitienchoeur.org\/?page_id=920"},"modified":"2020-09-09T14:51:26","modified_gmt":"2020-09-09T12:51:26","slug":"orphelinat-mounepe","status":"publish","type":"page","link":"https:\/\/haitienchoeur.org\/?page_id=920","title":{"rendered":"Orphelinat MOUNEPE"},"content":{"rendered":"<p style=\"text-align: center;\"><b>MOUNEPE<\/b><\/p>\n<p style=\"text-align: center;\"><b>\u00c9cole Upper Room de Bon repos<\/b><\/p>\n<p>L\u2019association MOUNEPE est constitu\u00e9e de 150 membres d&rsquo;une communaut\u00e9 de Bon repos, ville jouxtant Port-au-Prince. Elle a connu un d\u00e9veloppement anarchique apr\u00e8s le tremblement de terre de 2010 puisque les personnes sans abris se sont d\u00e9plac\u00e9es et ont cr\u00e9\u00e9s des habitats en bois et t\u00f4le, cr\u00e9ant le bidonville de Canaan. Depuis, les habitants ont reconstruit leurs maisons en b\u00e9ton, cr\u00e9ant un \u00e9norme quartier nouveau.<\/p>\n<p>Au d\u00e9part, l\u2019association MOUNEPE g\u00e9rait un orphelinat et une petite \u00e9cole install\u00e9s dans une petite maison pr\u00eat\u00e9e par un membre de la communaut\u00e9. Il y a 3 ans, ses membres ont d\u00e9cid\u00e9 de la reconstruire \u00e0 Canaan, un endroit permettant l\u2019acc\u00e8s \u00e0 l\u2019\u00e9cole \u00e0 des enfants aux enfants du quartier o\u00f9 il existe peu de structures scolaires. Le quartier, et plusieurs autres, est en fait cr\u00e9\u00e9 suite au s\u00e9isme de 2010.<\/p>\n<p>L\u2019\u00e9cole Upper Room de MOUNEPE accueille 350 \u00e9l\u00e8ves. L\u2019orphelinat compte 33 enfants de tous \u00e2ges en permanence. Ils ne sont pas propos\u00e9s \u00e0 l&rsquo;adoption pour des raisons \u00e9thiques locales.<\/p>\n<p>Seule la communaut\u00e9 MOUNEPE g\u00e8re cette \u00e9cole et orphelinat sans aucun soutien ext\u00e9rieur ni \u00e9tatique, hormis HA\u00cfTI en Ch\u0153ur depuis un an.<\/p>\n<p>Le directeur p\u00e9dagogique nous a dress\u00e9 le bilan de leurs actions pour une meilleure formation des professeurs. Ils ont une bonne vision de la qualit\u00e9 de l\u2019enseignement et ont pris soin de recruter des enseignants de bon niveau. Le tableau num\u00e9rique pourra contribuer \u00e0 une nouvelle avanc\u00e9e.<\/p>\n<p>Les panneaux photovolta\u00efques sont absolument n\u00e9cessaires et l\u2019\u00e9cole attend avec impatience ces \u00e9quipements.<\/p>\n<p><b>Difficult\u00e9 particuli\u00e8re<\/b><\/p>\n<p>La zone de Canaan est un ancien bidonville qui \u00e9volue vers une petite ville sur un morne calcaire. Il n\u2019y a pas d&rsquo;eau et tr\u00e8s peu de v\u00e9g\u00e9tation. Il est n\u00e9cessaire de faire venir 3\u00a0 camions citernes d\u2019eau par mois \u00e0 750 gourdes. Ce qui repr\u00e9sente un co\u00fbt important de gestion pour l\u2019association.<\/p>\n<p>Les parents ne sont pas tous en mesure de payer la scolarit\u00e9 des \u00e9l\u00e8ves et c\u2019est gratuit pour les orphelins.<\/p>\n<p>Des toilettes sont pr\u00e9sentes mais pourraient \u00eatre am\u00e9lior\u00e9es. Besoin d&rsquo;un lave-main.<\/p>\n<p><b>Points positifs\u00a0<\/b><\/p>\n<p>&#8211; Equipe tr\u00e8s motiv\u00e9e, bon niveau d\u2019enseignement et volont\u00e9 d\u2019am\u00e9lioration.<\/p>\n<p>&#8211; Sensibilisation au ramassage des d\u00e9chets et des collectes.<\/p>\n<p>&#8211; Sensibilisation \u00e0 la reforestation. Mais pas de possibilit\u00e9s de cr\u00e9er un jardin scolaire dans cette zone aride.<\/p>\n<p><b>Points n\u00e9gatifs<\/b><\/p>\n<p>Toilettes \u00e0 am\u00e9liorer, pas d\u2019\u00e9lectricit\u00e9.<\/p>\n<p style=\"text-align: center;\"><em><span style=\"color: #008000;\"><a style=\"color: #008000;\" href=\"http:\/\/haitienchoeur.org\/?page_id=121\">Faire un don<\/a><\/span><\/em><\/p>\n","protected":false},"excerpt":{"rendered":"<p>MOUNEPE \u00c9cole Upper Room de Bon repos L\u2019association MOUNEPE est constitu\u00e9e de 150 membres d&rsquo;une communaut\u00e9 de Bon repos, ville jouxtant Port-au-Prince. Elle a connu un d\u00e9veloppement anarchique apr\u00e8s le tremblement de terre de 2010 puisque les personnes sans abris se sont d\u00e9plac\u00e9es et ont cr\u00e9\u00e9s des habitats en bois et t\u00f4le, cr\u00e9ant le bidonville [&hellip;]<\/p>\n","protected":false},"author":4,"featured_media":957,"parent":97,"menu_order":0,"comment_status":"closed","ping_status":"closed","template":"","meta":{"_exactmetrics_skip_tracking":false,"_exactmetrics_sitenote_active":false,"_exactmetrics_sitenote_note":"","_exactmetrics_sitenote_category":0,"footnotes":""},"class_list":["post-920","page","type-page","status-publish","has-post-thumbnail","hentry","entry"],"_links":{"self":[{"href":"https:\/\/haitienchoeur.org\/index.php?rest_route=\/wp\/v2\/pages\/920","targetHints":{"allow":["GET"]}}],"collection":[{"href":"https:\/\/haitienchoeur.org\/index.php?rest_route=\/wp\/v2\/pages"}],"about":[{"href":"https:\/\/haitienchoeur.org\/index.php?rest_route=\/wp\/v2\/types\/page"}],"author":[{"embeddable":true,"href":"https:\/\/haitienchoeur.org\/index.php?rest_route=\/wp\/v2\/users\/4"}],"replies":[{"embeddable":true,"href":"https:\/\/haitienchoeur.org\/index.php?rest_route=%2Fwp%2Fv2%2Fcomments&post=920"}],"version-history":[{"count":4,"href":"https:\/\/haitienchoeur.org\/index.php?rest_route=\/wp\/v2\/pages\/920\/revisions"}],"predecessor-version":[{"id":1036,"href":"https:\/\/haitienchoeur.org\/index.php?rest_route=\/wp\/v2\/pages\/920\/revisions\/1036"}],"up":[{"embeddable":true,"href":"https:\/\/haitienchoeur.org\/index.php?rest_route=\/wp\/v2\/pages\/97"}],"wp:featuredmedia":[{"embeddable":true,"href":"https:\/\/haitienchoeur.org\/index.php?rest_route=\/wp\/v2\/media\/957"}],"wp:attachment":[{"href":"https:\/\/haitienchoeur.org\/index.php?rest_route=%2Fwp%2Fv2%2Fmedia&parent=920"}],"curies":[{"name":"wp","href":"https:\/\/api.w.org\/{rel}","templated":true}]}}