{"id":91,"date":"2017-03-27T13:35:49","date_gmt":"2017-03-27T11:35:49","guid":{"rendered":"http:\/\/haitienchoeur.org\/?page_id=91"},"modified":"2023-01-14T21:56:18","modified_gmt":"2023-01-14T20:56:18","slug":"qui-sommes-nous","status":"publish","type":"page","link":"https:\/\/haitienchoeur.org\/?page_id=91","title":{"rendered":"Accueil"},"content":{"rendered":"<p><\/p>\n<h6 style=\"text-align: justify;\"><\/h6>\n<figure id=\"attachment_414\" aria-describedby=\"caption-attachment-414\" style=\"width: 700px\" class=\"wp-caption aligncenter\"><img loading=\"lazy\" decoding=\"async\" class=\"size-large wp-image-414\" src=\"http:\/\/haitienchoeur.org\/wp-content\/uploads\/2017\/03\/1-1024x683.jpg\" alt=\"\" width=\"700\" height=\"467\" srcset=\"https:\/\/haitienchoeur.org\/wp-content\/uploads\/2017\/03\/1.jpg 1024w, https:\/\/haitienchoeur.org\/wp-content\/uploads\/2017\/03\/1-450x300.jpg 450w, https:\/\/haitienchoeur.org\/wp-content\/uploads\/2017\/03\/1-300x200.jpg 300w, https:\/\/haitienchoeur.org\/wp-content\/uploads\/2017\/03\/1-768x512.jpg 768w\" sizes=\"auto, (max-width: 700px) 100vw, 700px\" \/><figcaption id=\"caption-attachment-414\" class=\"wp-caption-text\"><em>Le CA<\/em><\/figcaption><\/figure>\n<h4><strong><span style=\"color: #339966;\">Notre association<\/span><\/strong><\/h4>\n<p style=\"text-align: justify;\"><em>\u00a0 \u00a0 \u00a0 \u00a0 \u00a0HA\u00cfTI en Ch\u0153ur<\/em> est une association fran\u00e7aise loi 1901 \u00e0 but non lucratif qui a pour but de soutenir l&rsquo;\u00e9ducation des jeunes, la culture et le petit entreprenariat \u00e0 Ha\u00efti. Elle contribue au fonctionnement de plusieurs \u00e9coles de diverses villes d&rsquo;Ha\u00efti et les aide \u00e0 renforcer leurs prestations aupr\u00e8s des enfants d\u00e9favoris\u00e9s. \u00a0Cette association soutient le d\u00e9veloppement social en Ha\u00efti en intervenant dans les milieux \u00e9ducatifs et culturels comme cela est stipul\u00e9 dans ses <span style=\"color: #008000;\"><strong><a style=\"color: #008000;\" href=\"http:\/\/haitienchoeur.org\/wp-content\/uploads\/2017\/03\/statuts-association-haiti-en-choeur.pdf\" target=\"_blank\" rel=\"noopener noreferrer\">statuts <\/a><\/strong><\/span>:<\/p>\n<ul style=\"text-align: justify;\">\n<li>Promouvoir l\u2019\u00e9ducation \u00e0 tous les niveaux, par tous les moyens l\u00e9gaux \u00e0 disposition, et de toutes les mani\u00e8res appropri\u00e9es possibles.<\/li>\n<li>Promouvoir le petit entreprenariat social et solidaire en Ha\u00efti selon les besoins et en lien avec l\u2019\u00e9ducation ou le d\u00e9veloppement humain.<\/li>\n<li>Promouvoir la science, la litt\u00e9rature, l\u2019art, et toutes les autres voies de la culture en Ha\u00efti.<\/li>\n<\/ul>\n<p>L\u2019association <em>HA\u00cfTI en Ch\u0153ur<\/em> est ouverte \u00e0 tous ceux qui veulent aider Ha\u00efti dans le domaine social et culturel ou am\u00e9liorer la vie de ses habitants par le soutien aux projets de d\u00e9veloppement. En adh\u00e9rant, vous contribuez \u00e0 notre effort et vous supportez la cause de l\u2019\u00e9ducation des enfants pauvres en Ha\u00efti. Pour adh\u00e9rer, il suffit d\u2019acquitter les frais de cotisations de dix euros, par an, fix\u00e9s par le r\u00e8glement int\u00e9rieur de l\u2019Association et \u00eatre agr\u00e9\u00e9 par le conseil d\u2019administration.<\/p>\n<p style=\"text-align: justify;\">\u00a0 \u00a0 \u00a0 \u00a0 \u00a0Sachez que vous pouvez aussi <span style=\"color: #008000;\"><strong><a style=\"color: #008000;\" href=\"http:\/\/haitienchoeur.org\/?page_id=121\" target=\"_blank\" rel=\"noopener noreferrer\">faire un don<\/a><\/strong><\/span> ponctuel ou mensuel pour soutenir une ou plusieurs de <span style=\"color: #008000;\"><strong><a style=\"color: #008000;\" href=\"http:\/\/haitienchoeur.org\/?page_id=97\" target=\"_blank\" rel=\"noopener noreferrer\">nos actions<\/a><\/strong><\/span> concr\u00e8tes contribuant \u00e0 l&rsquo;aboutissement de nos objectifs. En adh\u00e9rant ou en faisant un don depuis le site, vous recevrez imm\u00e9diatement votre carte d&rsquo;adh\u00e9rent et un re\u00e7u fiscal. Sinon, le re\u00e7u fiscal vous sera adress\u00e9 par la tr\u00e9sori\u00e8re de l&rsquo;Association. Merci de votre g\u00e9n\u00e9rosit\u00e9 !<\/p>\n<p style=\"text-align: justify;\">\u00a0 \u00a0 \u00a0 \u00a0 \u00a0Votre cotisation \u00e0 <em>HA\u00cfTI en Ch\u0153ur<\/em> ouvre droit \u00e0 une d\u00e9duction fiscale. L&rsquo;association remplit les conditions g\u00e9n\u00e9rales pr\u00e9vues aux articles 200 et 238 bis du code g\u00e9n\u00e9ral des imp\u00f4ts. Vous pouvez d\u00e9duire 66% de votre don dans la limite de 20% de votre revenu imposable.<\/p>\n<p style=\"text-align: justify;\">\u00a0 \u00a0 \u00a0 \u00a0 \u00a0L&rsquo;histoire de notre association commence avec la collaboration de la Mission orthodoxe d&rsquo;Ha\u00efti avec la paroisse Saint Job de Bruxelles \u00e0 la rentr\u00e9e scolaire 2016. Il appara\u00eet alors d\u00e9j\u00e0 que certains besoins en mati\u00e8re d&rsquo;\u00e9ducation, particuli\u00e8rement pour les plus jeunes, sont loin d&rsquo;\u00eatre satisfaits en Haiti, et c&rsquo;est dans ce cadre que Martin Dumais, lui-m\u00eame ha\u00eftien, joua le r\u00f4le de relais entre les diff\u00e9rents intervenants.<\/p>\n<p style=\"text-align: justify;\">\u00a0\u00a0\u00a0\u00a0\u00a0\u00a0\u00a0\u00a0 L&rsquo;annonce, des d\u00e9g\u00e2ts occasionn\u00e9s par le passage sur l&rsquo;\u00eele, de l&rsquo;ouragan Matthiew, en octobre 2016, conforte Martin Dumais dans la conviction que le premier \u00e9lan de solidarit\u00e9 qui s&rsquo;est exprim\u00e9, lors de cette catastrophe, doit \u00eatre p\u00e9rennis\u00e9. Que cet \u00e9lan ne reste pas un simple feu de paille qui risquant de d\u00e9cevoir des dizaines d&rsquo;enfants et leurs familles, au moment m\u00eame o\u00f9 ils avaient pu entrevoir une lueur d&rsquo;espoir. Un parrainage d&rsquo;\u00e9cole est alors mis en place. Il permet le financement d&rsquo;infrastructures scolaires dans les \u00e9coles soutenues, la r\u00e9-scolarisation de nombreux enfants touch\u00e9s par les catastrophes, et l&rsquo;ouverture d&rsquo;une cantine scolaire \u00e0 l&rsquo;\u00e9cole INDP dePort-au-Prince.<\/p>\n<p style=\"text-align: justify;\">\u00a0\u00a0\u00a0\u00a0\u00a0\u00a0\u00a0\u00a0 D\u00e9sireux de permettre \u00e0 un plus grand nombre d&rsquo;enfants d&rsquo;int\u00e9grer, dans les meilleures conditions possibles, Martin a convainc des amis de l&rsquo;opportunit\u00e9 de cr\u00e9er une association capable de servir de base arri\u00e8re solide \u00e0 un projet vou\u00e9 \u00e0 s&rsquo;inscrire dans la dur\u00e9e. Forte de ses 15 premiers membres et de ses statuts, l&rsquo;association \u00ab\u00a0HA\u00cfTI en Ch\u0153ur\u00a0\u00bb, conforme \u00e0 la loi de 1901, voit officiellement le jour le 15 mars 2017.<\/p>\n<h4 style=\"text-align: justify;\"><strong><span style=\"color: #008000;\">Objectifs<\/span><\/strong><\/h4>\n<p style=\"text-align: justify;\">\u00a0\u00a0\u00a0\u00a0\u00a0\u00a0\u00a0\u00a0 L\u2019\u00c9ducation \u00e9tait, d\u00e8s sa gen\u00e8se, au c\u0153ur m\u00eame du projet initi\u00e9. Particuli\u00e8rement sensibles au r\u00f4le d\u00e9terminant que les plus petits joueront dans le monde de demain, nous avons tenu \u00e0 concentrer nos forces sur cet aspect pr\u00e9cis des innombrables probl\u00e8mes que connaissent par ailleurs les ha\u00eftiens. En permettant \u00e0 un grand nombre d&rsquo;enfants d&rsquo;avoir acc\u00e8s \u00e0 un enseignement de qualit\u00e9 gr\u00e2ce \u00e0 des instituteurs en formation continue, \u00e0 du mat\u00e9riel adapt\u00e9 quantitativement et qualitativement aux besoins des \u00e9l\u00e8ves et \u00e0 des locaux d\u00e9cents et rassurants, nous pensons pouvoir les aider \u00e0 poser les fondements d&rsquo;une soci\u00e9t\u00e9 libre, solidaire, rompue aussi bien aux nouvelles technologies qu&rsquo;\u00e0 l&rsquo;\u00e9cologie et \u00e0 l&rsquo;\u00e9galit\u00e9 entre les femmes et les hommes.<\/p>\n<p style=\"text-align: justify;\">\u00a0\u00a0\u00a0\u00a0\u00a0\u00a0\u00a0\u00a0 A cet effet, nous nous sommes mobilis\u00e9s afin de rassembler des livres, du mat\u00e9riel informatique destin\u00e9 \u00e0 servir de support p\u00e9dagogique mais aussi \u00e0 former les correspondants sur place dans le but d\u2019am\u00e9liorer la qualit\u00e9 du suivi des projets.<\/p>\n<p style=\"text-align: justify;\">\u00a0\u00a0\u00a0\u00a0\u00a0\u00a0\u00a0\u00a0 Il nous a sembl\u00e9, \u00e9galement, indispensable de ne pas nous contenter d&rsquo;une simple d\u00e9marche \u00ab\u00a0charitable\u00a0\u00bb et d&rsquo;int\u00e9grer \u00e0 \u00ab\u00a0l&rsquo;ADN\u00a0\u00bb de notre projet la valeur d&rsquo;autonomie qui devra servir de fil conducteur \u00e0 l&rsquo;ensemble de nos initiatives. Dans cet esprit, nous souhaitons encourager, \u00e0 terme, des initiatives entreprenariales, la mise en place de cours de niveau professionnel.<\/p>\n<h4><\/h4>\n<h4 style=\"text-align: justify;\"><strong><span style=\"color: #008000;\">Nos partenaires<\/span><\/strong><\/h4>\n<p style=\"text-align: justify;\">\u00a0\u00a0\u00a0\u00a0\u00a0\u00a0\u00a0\u00a0 Nous avons pu compter, dans un premier temps, sur la g\u00e9n\u00e9rosit\u00e9 d&rsquo;amis d&rsquo;Haiti et de la maison sainte Genevi\u00e8ve d&rsquo;\u00c9pinay-sous-S\u00e9nart. Nous avons le soutien de la Mairie d&rsquo;Epinay-Sous-S\u00e9nart. Nous faisons partie du Collectif Haiti de France. Plusieurs associations d&rsquo;artistes nous soutiennent dont l&rsquo;Association \u00ab\u00a0Bleu Jaune Rouge\u00a0\u00bb, et l&rsquo;association \u00ab\u00a0Terre et feu\u00a0\u00bb.<\/p>\n<p style=\"text-align: justify;\">Nous restons ouverts \u00e0 toute nouvelle collaboration d&rsquo;organisme priv\u00e9 ou des collectivit\u00e9s ou de l&rsquo;Etat.<\/p>\n<p style=\"text-align: justify;\">Les principes sur lesquels nous nous sommes entendus lors de la r\u00e9daction des statuts de l&rsquo;association nous conduisent \u00e0 privil\u00e9gier une approche transparente, efficace, b\u00e9n\u00e9vole, et une aide qui se veut directe et incarn\u00e9e sur le terrain. Chaque centime d\u00e9bours\u00e9 par les donateurs devra irriguer directement les \u00e9coles et concr\u00e8tement b\u00e9n\u00e9ficier aux enfants.<\/p>\n<p style=\"text-align: justify;\">\u00a0\u00a0\u00a0\u00a0\u00a0\u00a0\u00a0\u00a0 En multipliant les protagonistes, nous esp\u00e9rons permettre \u00e0 chacun de jouer sa partition en fonction des talents qui lui sont propres et du temps qu&rsquo;il peut consacrer, afin devenir ensemble ce Ch\u0153ur capable de faire battre les c\u0153urs.<\/p>\n<p>G\u00e9raldine ESPERET<\/p>\n<p><\/p>","protected":false},"excerpt":{"rendered":"<p>Notre association \u00a0 \u00a0 \u00a0 \u00a0 \u00a0HA\u00cfTI en Ch\u0153ur est une association fran\u00e7aise loi 1901 \u00e0 but non lucratif qui a pour but de soutenir l&rsquo;\u00e9ducation des jeunes, la culture et le petit entreprenariat \u00e0 Ha\u00efti. Elle contribue au fonctionnement de plusieurs \u00e9coles de diverses villes d&rsquo;Ha\u00efti et les aide \u00e0 renforcer leurs prestations aupr\u00e8s [&hellip;]<\/p>\n","protected":false},"author":1,"featured_media":0,"parent":0,"menu_order":0,"comment_status":"closed","ping_status":"closed","template":"","meta":{"_exactmetrics_skip_tracking":false,"_exactmetrics_sitenote_active":false,"_exactmetrics_sitenote_note":"","_exactmetrics_sitenote_category":0,"footnotes":""},"class_list":["post-91","page","type-page","status-publish","hentry","entry"],"_links":{"self":[{"href":"https:\/\/haitienchoeur.org\/index.php?rest_route=\/wp\/v2\/pages\/91","targetHints":{"allow":["GET"]}}],"collection":[{"href":"https:\/\/haitienchoeur.org\/index.php?rest_route=\/wp\/v2\/pages"}],"about":[{"href":"https:\/\/haitienchoeur.org\/index.php?rest_route=\/wp\/v2\/types\/page"}],"author":[{"embeddable":true,"href":"https:\/\/haitienchoeur.org\/index.php?rest_route=\/wp\/v2\/users\/1"}],"replies":[{"embeddable":true,"href":"https:\/\/haitienchoeur.org\/index.php?rest_route=%2Fwp%2Fv2%2Fcomments&post=91"}],"version-history":[{"count":21,"href":"https:\/\/haitienchoeur.org\/index.php?rest_route=\/wp\/v2\/pages\/91\/revisions"}],"predecessor-version":[{"id":1412,"href":"https:\/\/haitienchoeur.org\/index.php?rest_route=\/wp\/v2\/pages\/91\/revisions\/1412"}],"wp:attachment":[{"href":"https:\/\/haitienchoeur.org\/index.php?rest_route=%2Fwp%2Fv2%2Fmedia&parent=91"}],"curies":[{"name":"wp","href":"https:\/\/api.w.org\/{rel}","templated":true}]}}