{"id":9,"date":"2017-02-11T10:21:25","date_gmt":"2017-02-11T09:21:25","guid":{"rendered":"http:\/\/soutenirhaiti.org\/?page_id=9"},"modified":"2022-02-10T16:42:42","modified_gmt":"2022-02-10T15:42:42","slug":"accueil","status":"publish","type":"page","link":"https:\/\/haitienchoeur.org\/?page_id=9","title":{"rendered":"Le mot du Pr\u00e9sident"},"content":{"rendered":"<p><\/p>\n<h6 style=\"text-align: center;\"><em><strong><span style=\"color: #008000;\">Bienvenue sur le site de l&rsquo;association\u00a0HA\u00cfTI en ch\u0153ur !<\/span><\/strong><\/em><\/h6>\n<figure id=\"attachment_413\" aria-describedby=\"caption-attachment-413\" style=\"width: 300px\" class=\"wp-caption alignleft\"><img loading=\"lazy\" decoding=\"async\" class=\"size-medium wp-image-413\" src=\"http:\/\/haitienchoeur.org\/wp-content\/uploads\/2017\/02\/4-300x200.jpg\" alt=\"\" width=\"300\" height=\"200\" srcset=\"https:\/\/haitienchoeur.org\/wp-content\/uploads\/2017\/02\/4-300x200.jpg 300w, https:\/\/haitienchoeur.org\/wp-content\/uploads\/2017\/02\/4-450x300.jpg 450w, https:\/\/haitienchoeur.org\/wp-content\/uploads\/2017\/02\/4-768x512.jpg 768w, https:\/\/haitienchoeur.org\/wp-content\/uploads\/2017\/02\/4.jpg 1024w\" sizes=\"auto, (max-width: 300px) 100vw, 300px\" \/><figcaption id=\"caption-attachment-413\" class=\"wp-caption-text\"><em>Le pr\u00e9sident<\/em><\/figcaption><\/figure>\n<p style=\"text-align: left;\">Tous les enfants du monde ont le droit \u00e0 une \u00e9ducation de qualit\u00e9 afin de s\u2019approprier les moyens de leur \u00e9panouissement dans la soci\u00e9t\u00e9. En Ha\u00efti, ce droit de l\u2019enfant est bafou\u00e9. L\u2019\u00e9ducation reste un luxe malgr\u00e9 la prescription constitutionnelle et les propagandes diverses.<\/p>\n<p style=\"text-align: left;\">Or, le d\u00e9veloppement d\u2019un pays se mesure par sa capacit\u00e9 \u00e0 prendre en charge sa jeunesse et \u00e0 l\u2019\u00e9duquer. N\u00e9anmoins, gr\u00e2ce \u00e0 nos bienfaiteurs, plusieurs dizaines d\u2019enfants victimes de l\u2019ouragan d\u2019octobre 2016 en Ha\u00efti vont \u00e0 l\u2019\u00e9cole. C\u2019est ce premier geste que nous voulons p\u00e9renniser \u00e0 travers l\u2019association <em>HA\u00cfTI en Ch\u0153ur<\/em>.<\/p>\n<p style=\"text-align: left;\">\u00a0 \u00a0 \u00a0 \u00a0 <em>HA\u00cfTI en Ch\u0153ur<\/em>, reconnue d\u2019int\u00e9r\u00eat g\u00e9n\u00e9ral, apporte une pierre \u00e0 la reconstruction d\u2019Ha\u00efti &#8211; pr\u00eate \u00e0 se relever et \u00e0 \u00e9duquer ses enfants. Elle r\u00e9unit un petit groupe de personnes, motiv\u00e9es par des raisons diverses, qui veulent soutenir le d\u00e9veloppement social en Ha\u00efti. Nous esp\u00e9rons apporter notre contribution au d\u00e9veloppement d\u2019Ha\u00efti par le soutien aux initiatives locales dans les secteurs de l\u2019\u00e9ducation, du petit entreprenariat et globalement de la culture.<\/p>\n<p style=\"text-align: justify;\">\u00a0 \u00a0 \u00a0 \u00a0 \u00a0\u00ab\u00a0Mains ensemble, charge pas lourde\u00a0\u00bb, disent les Ha\u00eftiens. Nous voulons agir parce que nous avons pris conscience\u00a0 de la n\u00e9cessit\u00e9, \u00e0 notre \u00e9poque, de construire un \u00ab\u00a0vivre ensemble\u00a0\u00bb qui favorise l\u2019\u00e9panouissement de l\u2019existence humaine, sous toutes ses composantes : cosmique, \u00e9cologique et citoyenne.<\/p>\n<p style=\"text-align: justify;\">\u00a0 \u00a0 \u00a0 \u00a0 \u00a0Notre association,\u00a0<em>HA\u00cfTI en Ch\u0153ur,<\/em> fonctionne en totale transparence. Tous les membres du Conseil d\u2019Administration et du Bureau sont b\u00e9n\u00e9voles. Nous n\u2019avons aucun salari\u00e9. 100% des fonds re\u00e7us (dons, cotisations) sont affect\u00e9s \u00e0 la r\u00e9alisation de la cause retenue et sont utilis\u00e9s pour le programme de d\u00e9veloppement par l\u2019\u00e9ducation, que nous avons \u00e9tabli avec les communaut\u00e9s sur place. Depuis 2017, l\u2019Institution Notre Dame des Petits, \u00e0 Port-au-Prince, qui constitue pour nous le projet pilote, accueille une salle informatique et une biblioth\u00e8que gr\u00e2ce aux dons divers de nos adh\u00e9rents et sympathisants de France et de Belgique. Nos b\u00e9n\u00e9ficiaires en Ha\u00efti \u00e9tablissent entre eux des liens de solidarit\u00e9 et s&rsquo;impliquent dans la r\u00e9alisation de nos objectifs.<\/p>\n<h5 style=\"text-align: center; padding-left: 330px;\"><em>Martin Luther Paul Dumais<\/em><\/h5>\n<p><\/p>","protected":false},"excerpt":{"rendered":"<p>Bienvenue sur le site de l&rsquo;association\u00a0HA\u00cfTI en ch\u0153ur ! Tous les enfants du monde ont le droit \u00e0 une \u00e9ducation de qualit\u00e9 afin de s\u2019approprier les moyens de leur \u00e9panouissement dans la soci\u00e9t\u00e9. En Ha\u00efti, ce droit de l\u2019enfant est bafou\u00e9. L\u2019\u00e9ducation reste un luxe malgr\u00e9 la prescription constitutionnelle et les propagandes diverses. Or, le [&hellip;]<\/p>\n","protected":false},"author":1,"featured_media":413,"parent":0,"menu_order":0,"comment_status":"closed","ping_status":"closed","template":"","meta":{"_exactmetrics_skip_tracking":false,"_exactmetrics_sitenote_active":false,"_exactmetrics_sitenote_note":"","_exactmetrics_sitenote_category":0,"footnotes":""},"class_list":["post-9","page","type-page","status-publish","has-post-thumbnail","hentry","entry"],"_links":{"self":[{"href":"https:\/\/haitienchoeur.org\/index.php?rest_route=\/wp\/v2\/pages\/9","targetHints":{"allow":["GET"]}}],"collection":[{"href":"https:\/\/haitienchoeur.org\/index.php?rest_route=\/wp\/v2\/pages"}],"about":[{"href":"https:\/\/haitienchoeur.org\/index.php?rest_route=\/wp\/v2\/types\/page"}],"author":[{"embeddable":true,"href":"https:\/\/haitienchoeur.org\/index.php?rest_route=\/wp\/v2\/users\/1"}],"replies":[{"embeddable":true,"href":"https:\/\/haitienchoeur.org\/index.php?rest_route=%2Fwp%2Fv2%2Fcomments&post=9"}],"version-history":[{"count":17,"href":"https:\/\/haitienchoeur.org\/index.php?rest_route=\/wp\/v2\/pages\/9\/revisions"}],"predecessor-version":[{"id":1248,"href":"https:\/\/haitienchoeur.org\/index.php?rest_route=\/wp\/v2\/pages\/9\/revisions\/1248"}],"wp:featuredmedia":[{"embeddable":true,"href":"https:\/\/haitienchoeur.org\/index.php?rest_route=\/wp\/v2\/media\/413"}],"wp:attachment":[{"href":"https:\/\/haitienchoeur.org\/index.php?rest_route=%2Fwp%2Fv2%2Fmedia&parent=9"}],"curies":[{"name":"wp","href":"https:\/\/api.w.org\/{rel}","templated":true}]}}