{"id":296,"date":"2017-05-19T13:35:31","date_gmt":"2017-05-19T11:35:31","guid":{"rendered":"http:\/\/haitienchoeur.org\/?page_id=296"},"modified":"2022-02-10T16:40:37","modified_gmt":"2022-02-10T15:40:37","slug":"association","status":"publish","type":"page","link":"https:\/\/haitienchoeur.org\/?page_id=296","title":{"rendered":"L&rsquo;Association"},"content":{"rendered":"<p style=\"text-align: justify;\"><em>\u00a0 \u00a0 \u00a0 \u00a0 \u00a0HA\u00cfTI en Ch\u0153ur<\/em> est une association \u00e0 but non lucratif d\u00e9di\u00e9e \u00e0 l&rsquo;\u00e9ducation, la culture et le petit entreprenariat, en Ha\u00efti. Elle contribue au fonctionnement de plusieurs \u00e9coles de diverses villes d&rsquo;Ha\u00efti et les aide \u00e0 renforcer leurs prestations aupr\u00e8s des enfants d\u00e9favoris\u00e9s. \u00a0Cette association soutient le d\u00e9veloppement social en Ha\u00efti en intervenant dans les milieux \u00e9ducatifs et culturels comme cela est stipul\u00e9 dans ses <span style=\"color: #008000;\"><strong><a style=\"color: #008000;\" href=\"http:\/\/haitienchoeur.org\/wp-content\/uploads\/2017\/03\/statuts-association-haiti-en-choeur.pdf\" target=\"_blank\" rel=\"noopener noreferrer\">statuts <\/a><\/strong><\/span>:<\/p>\n<ul style=\"text-align: justify;\">\n<li>Promouvoir l\u2019\u00e9ducation \u00e0 tous les niveaux, par tous les moyens l\u00e9gaux \u00e0 disposition, et de toutes les mani\u00e8res appropri\u00e9es possibles.<\/li>\n<li>Promouvoir le petit entreprenariat social et solidaire en Ha\u00efti selon les besoins et en lien avec l\u2019\u00e9ducation ou le d\u00e9veloppement humain.<\/li>\n<li>Promouvoir la science, la litt\u00e9rature, l\u2019art, et toutes les autres voies de la culture en Ha\u00efti.<\/li>\n<\/ul>\n<p>L\u2019association <em>HA\u00cfTI en Ch\u0153ur<\/em> est ouverte \u00e0 tous ceux qui veulent aider Ha\u00efti dans le domaine social et culturel ou am\u00e9liorer la vie de ses habitants par le soutien aux projets de d\u00e9veloppement. En adh\u00e9rant, vous contribuez \u00e0 notre effort et vous supportez la cause de l\u2019\u00e9ducation des enfants pauvres en Ha\u00efti. Pour adh\u00e9rer, il suffit d\u2019acquitter les frais de cotisations de dix euros, par an, fix\u00e9s par le r\u00e8glement int\u00e9rieur de l\u2019Association et \u00eatre agr\u00e9\u00e9 par le conseil d\u2019administration.<\/p>\n<p style=\"text-align: justify;\">\u00a0 \u00a0 \u00a0 \u00a0 \u00a0Sachez que vous pouvez aussi <span style=\"color: #008000;\"><strong><a style=\"color: #008000;\" href=\"http:\/\/haitienchoeur.org\/?page_id=121\" target=\"_blank\" rel=\"noopener noreferrer\">faire un don<\/a><\/strong><\/span> ponctuel ou mensuel pour soutenir une ou plusieurs de <span style=\"color: #008000;\"><strong><a style=\"color: #008000;\" href=\"http:\/\/haitienchoeur.org\/?page_id=97\" target=\"_blank\" rel=\"noopener noreferrer\">nos actions<\/a><\/strong><\/span> concr\u00e8tes contribuant \u00e0 l&rsquo;aboutissement de nos objectifs. En adh\u00e9rant ou en faisant un don depuis le site, vous recevrez imm\u00e9diatement votre carte d&rsquo;adh\u00e9rent et un re\u00e7u fiscal. Sinon, le re\u00e7u fiscal vous sera adress\u00e9 par la tr\u00e9sori\u00e8re de l&rsquo;Association. Merci de votre g\u00e9n\u00e9rosit\u00e9 !<\/p>\n<p style=\"text-align: justify;\">\u00a0 \u00a0 \u00a0 \u00a0 \u00a0Votre cotisation \u00e0 <em>HA\u00cfTI en Ch\u0153ur<\/em> ouvre droit \u00e0 une d\u00e9duction fiscale. L&rsquo;association remplit les conditions g\u00e9n\u00e9rales pr\u00e9vues aux articles 200 et 238 bis du code g\u00e9n\u00e9ral des imp\u00f4ts. Vous pouvez d\u00e9duire 66% de votre don dans la limite de 20% de votre revenu imposable.<\/p>\n","protected":false},"excerpt":{"rendered":"<p>\u00a0 \u00a0 \u00a0 \u00a0 \u00a0HA\u00cfTI en Ch\u0153ur est une association \u00e0 but non lucratif d\u00e9di\u00e9e \u00e0 l&rsquo;\u00e9ducation, la culture et le petit entreprenariat, en Ha\u00efti. Elle contribue au fonctionnement de plusieurs \u00e9coles de diverses villes d&rsquo;Ha\u00efti et les aide \u00e0 renforcer leurs prestations aupr\u00e8s des enfants d\u00e9favoris\u00e9s. \u00a0Cette association soutient le d\u00e9veloppement social en Ha\u00efti [&hellip;]<\/p>\n","protected":false},"author":1,"featured_media":0,"parent":0,"menu_order":0,"comment_status":"closed","ping_status":"closed","template":"","meta":{"_exactmetrics_skip_tracking":false,"_exactmetrics_sitenote_active":false,"_exactmetrics_sitenote_note":"","_exactmetrics_sitenote_category":0,"footnotes":""},"class_list":["post-296","page","type-page","status-publish","hentry","entry"],"_links":{"self":[{"href":"https:\/\/haitienchoeur.org\/index.php?rest_route=\/wp\/v2\/pages\/296","targetHints":{"allow":["GET"]}}],"collection":[{"href":"https:\/\/haitienchoeur.org\/index.php?rest_route=\/wp\/v2\/pages"}],"about":[{"href":"https:\/\/haitienchoeur.org\/index.php?rest_route=\/wp\/v2\/types\/page"}],"author":[{"embeddable":true,"href":"https:\/\/haitienchoeur.org\/index.php?rest_route=\/wp\/v2\/users\/1"}],"replies":[{"embeddable":true,"href":"https:\/\/haitienchoeur.org\/index.php?rest_route=%2Fwp%2Fv2%2Fcomments&post=296"}],"version-history":[{"count":13,"href":"https:\/\/haitienchoeur.org\/index.php?rest_route=\/wp\/v2\/pages\/296\/revisions"}],"predecessor-version":[{"id":1245,"href":"https:\/\/haitienchoeur.org\/index.php?rest_route=\/wp\/v2\/pages\/296\/revisions\/1245"}],"wp:attachment":[{"href":"https:\/\/haitienchoeur.org\/index.php?rest_route=%2Fwp%2Fv2%2Fmedia&parent=296"}],"curies":[{"name":"wp","href":"https:\/\/api.w.org\/{rel}","templated":true}]}}