{"id":1447,"date":"2023-10-18T00:12:06","date_gmt":"2023-10-17T22:12:06","guid":{"rendered":"https:\/\/haitienchoeur.org\/?page_id=1447"},"modified":"2025-07-10T20:01:06","modified_gmt":"2025-07-10T18:01:06","slug":"tous-les-numeros-de-la-lettre-de-haiti-en-choeur","status":"publish","type":"page","link":"https:\/\/haitienchoeur.org\/?page_id=1447","title":{"rendered":"Notre bulletin"},"content":{"rendered":"\n<p>Vous pouvez lire ici tous les num\u00e9ros de notre <em>Lettre de Ha\u00efti en Choeur<\/em> !<\/p>\n\n\n\n<p class=\"has-normal-font-size\"><strong><em>Elle pr\u00e9sente nos actions en faveur de<\/em><\/strong>s<em><strong> \u00e9coles dont nous nous occupons<\/strong><\/em> <\/p>\n\n\n\n<p class=\"has-normal-font-size\"><strong><em>et informe sur la vie \u00e9conomique, sociale et culturelle<\/em><\/strong><\/p>\n\n\n\n<p>__________________________________________________ juillet 2025<\/p>\n\n\n\n<p><strong><a href=\"https:\/\/haitienchoeur.org\/?p=1605\">num\u00e9ro 13<\/a><\/strong><\/p>\n\n\n\n<div data-wp-interactive=\"core\/file\" class=\"wp-block-file\"><object data-wp-bind--hidden=\"!state.hasPdfPreview\" hidden class=\"wp-block-file__embed\" data=\"https:\/\/haitienchoeur.org\/wp-content\/uploads\/2025\/07\/Lettre_de_HaIti_en_Choeur_numero_13__juillet-aout-septembre_2025-3.pdf\" type=\"application\/pdf\" style=\"width:100%;height:600px\" aria-label=\"Contenu embarqu\u00e9 Lettre_de_Ha\u00cfti_en_Choeur_numero_13__juillet-ao\u00fbt-septembre_2025.\"><\/object><a id=\"wp-block-file--media-87f1f61a-365e-4aef-be37-84b77fc948ba\" href=\"https:\/\/haitienchoeur.org\/wp-content\/uploads\/2025\/07\/Lettre_de_HaIti_en_Choeur_numero_13__juillet-aout-septembre_2025-3.pdf\">Lettre_de_Ha\u00cfti_en_Choeur_numero_13__juillet-ao\u00fbt-septembre_2025<\/a><a href=\"https:\/\/haitienchoeur.org\/wp-content\/uploads\/2025\/07\/Lettre_de_HaIti_en_Choeur_numero_13__juillet-aout-septembre_2025-3.pdf\" class=\"wp-block-file__button wp-element-button\" download aria-describedby=\"wp-block-file--media-87f1f61a-365e-4aef-be37-84b77fc948ba\">T\u00e9l\u00e9charger<\/a><\/div>\n\n\n\n<p>__________________________________________________ juillet 2024<\/p>\n\n\n\n<p><strong><a href=\"https:\/\/haitienchoeur.org\/wp-content\/uploads\/2024\/07\/Bulletin_Asso_Haiti_en_Choeur_Juillet_2024_Numero_12___11-07.pdf\">num\u00e9ro 12<\/a><\/strong><\/p>\n\n\n\n<figure class=\"wp-block-gallery has-nested-images columns-default is-cropped wp-block-gallery-1 is-layout-flex wp-block-gallery-is-layout-flex\">\n<figure class=\"wp-block-image size-large\"><img loading=\"lazy\" decoding=\"async\" width=\"528\" height=\"391\" data-id=\"1601\" src=\"https:\/\/haitienchoeur.org\/wp-content\/uploads\/2025\/06\/Couverture_12.jpg\" alt=\"\" class=\"wp-image-1601\" srcset=\"https:\/\/haitienchoeur.org\/wp-content\/uploads\/2025\/06\/Couverture_12.jpg 528w, https:\/\/haitienchoeur.org\/wp-content\/uploads\/2025\/06\/Couverture_12-300x222.jpg 300w, https:\/\/haitienchoeur.org\/wp-content\/uploads\/2025\/06\/Couverture_12-450x333.jpg 450w\" sizes=\"auto, (max-width: 528px) 100vw, 528px\" \/><\/figure>\n<\/figure>\n\n\n\n<p>__________________________________________________ d\u00e9cembre 2023<\/p>\n\n\n\n<p><strong><a href=\"https:\/\/haitienchoeur.org\/wp-content\/uploads\/2025\/06\/Lettre_de_Haiti_en_Choeur_numero_11_decembre_-2023-1.pdf\">num\u00e9ro 11<\/a><\/strong><\/p>\n\n\n\n<figure class=\"wp-block-image size-large\"><img decoding=\"async\" src=\"https:\/\/haitienchoeur.org\/wp-content\/uploads\/2025\/06\/Numero-11-couverture.jpg\" alt=\"\"\/><\/figure>\n\n\n\n<p>__________________________________________________ septembre 2023 <strong><a href=\"https:\/\/haitienchoeur.org\/wp-content\/uploads\/2023\/09\/Bulletin_asso_Haiti_en_Choeur_numero_10_septembre_2023.pdf\" data-type=\"link\" data-id=\"https:\/\/haitienchoeur.org\/wp-content\/uploads\/2023\/09\/Bulletin_asso_Haiti_en_Choeur_numero_10_septembre_2023.pdf\">num\u00e9ro 10<\/a> <\/strong><\/p>\n\n\n\n<figure class=\"wp-block-image size-full\"><img loading=\"lazy\" decoding=\"async\" width=\"988\" height=\"751\" src=\"https:\/\/haitienchoeur.org\/wp-content\/uploads\/2023\/10\/image-10.png\" alt=\"\" class=\"wp-image-1473\" srcset=\"https:\/\/haitienchoeur.org\/wp-content\/uploads\/2023\/10\/image-10.png 988w, https:\/\/haitienchoeur.org\/wp-content\/uploads\/2023\/10\/image-10-300x228.png 300w, https:\/\/haitienchoeur.org\/wp-content\/uploads\/2023\/10\/image-10-768x584.png 768w, https:\/\/haitienchoeur.org\/wp-content\/uploads\/2023\/10\/image-10-450x342.png 450w\" sizes=\"auto, (max-width: 988px) 100vw, 988px\" \/><\/figure>\n\n\n\n<p>__________________________________________________f\u00e9vrier 2023 <strong><a rel=\"noreferrer noopener\" href=\"https:\/\/haitienchoeur.org\/wp-content\/uploads\/2023\/01\/La_Lettre_de_Haiti_en_Choeur_num_9_janv-fevr-2023.pdf\" target=\"_blank\">num\u00e9ro 9<\/a> <\/strong><\/p>\n\n\n\n<figure class=\"wp-block-image size-full\"><img loading=\"lazy\" decoding=\"async\" width=\"963\" height=\"779\" src=\"https:\/\/haitienchoeur.org\/wp-content\/uploads\/2023\/10\/image-11.png\" alt=\"\" class=\"wp-image-1475\" srcset=\"https:\/\/haitienchoeur.org\/wp-content\/uploads\/2023\/10\/image-11.png 963w, https:\/\/haitienchoeur.org\/wp-content\/uploads\/2023\/10\/image-11-300x243.png 300w, https:\/\/haitienchoeur.org\/wp-content\/uploads\/2023\/10\/image-11-768x621.png 768w, https:\/\/haitienchoeur.org\/wp-content\/uploads\/2023\/10\/image-11-450x364.png 450w\" sizes=\"auto, (max-width: 963px) 100vw, 963px\" \/><\/figure>\n\n\n\n<p>__________________________________________________septembre 2022 <strong><a rel=\"noreferrer noopener\" href=\"https:\/\/haitienchoeur.org\/wp-content\/uploads\/2022\/09\/Bulletin-8-HENC-septembre-22.pdf\" target=\"_blank\">num\u00e9ro 8<\/a> <\/strong><\/p>\n\n\n\n<figure class=\"wp-block-image size-full\"><img loading=\"lazy\" decoding=\"async\" width=\"982\" height=\"756\" src=\"https:\/\/haitienchoeur.org\/wp-content\/uploads\/2023\/10\/image-8.png\" alt=\"\" class=\"wp-image-1471\" srcset=\"https:\/\/haitienchoeur.org\/wp-content\/uploads\/2023\/10\/image-8.png 982w, https:\/\/haitienchoeur.org\/wp-content\/uploads\/2023\/10\/image-8-300x231.png 300w, https:\/\/haitienchoeur.org\/wp-content\/uploads\/2023\/10\/image-8-768x591.png 768w, https:\/\/haitienchoeur.org\/wp-content\/uploads\/2023\/10\/image-8-450x346.png 450w\" sizes=\"auto, (max-width: 982px) 100vw, 982px\" \/><\/figure>\n\n\n\n<p>__________________________________________________ mai 2022 <strong><a rel=\"noreferrer noopener\" href=\"https:\/\/haitienchoeur.org\/wp-content\/uploads\/2022\/04\/La_Lettre_de_Haiti_en_Choeur_numero_7_mai-2022-2.pdf\" target=\"_blank\">num\u00e9ro 7<\/a> <\/strong><\/p>\n\n\n\n<figure class=\"wp-block-image size-full\"><img loading=\"lazy\" decoding=\"async\" width=\"988\" height=\"759\" src=\"https:\/\/haitienchoeur.org\/wp-content\/uploads\/2023\/10\/image-7.png\" alt=\"\" class=\"wp-image-1470\" srcset=\"https:\/\/haitienchoeur.org\/wp-content\/uploads\/2023\/10\/image-7.png 988w, https:\/\/haitienchoeur.org\/wp-content\/uploads\/2023\/10\/image-7-300x230.png 300w, https:\/\/haitienchoeur.org\/wp-content\/uploads\/2023\/10\/image-7-768x590.png 768w, https:\/\/haitienchoeur.org\/wp-content\/uploads\/2023\/10\/image-7-450x346.png 450w\" sizes=\"auto, (max-width: 988px) 100vw, 988px\" \/><\/figure>\n\n\n\n<p>__________________________________________________ d\u00e9cembre 2021 <a rel=\"noreferrer noopener\" href=\"https:\/\/haitienchoeur.org\/wp-content\/uploads\/2021\/12\/Bulletin_Haiti_enChoeur_numero_6_decembre_2021-1.pdf\" target=\"_blank\"><strong>num\u00e9ro 6<\/strong><\/a> <\/p>\n\n\n\n<figure class=\"wp-block-image size-full\"><img loading=\"lazy\" decoding=\"async\" width=\"988\" height=\"712\" src=\"https:\/\/haitienchoeur.org\/wp-content\/uploads\/2023\/10\/image-6.png\" alt=\"\" class=\"wp-image-1469\" srcset=\"https:\/\/haitienchoeur.org\/wp-content\/uploads\/2023\/10\/image-6.png 988w, https:\/\/haitienchoeur.org\/wp-content\/uploads\/2023\/10\/image-6-300x216.png 300w, https:\/\/haitienchoeur.org\/wp-content\/uploads\/2023\/10\/image-6-768x553.png 768w, https:\/\/haitienchoeur.org\/wp-content\/uploads\/2023\/10\/image-6-450x324.png 450w\" sizes=\"auto, (max-width: 988px) 100vw, 988px\" \/><\/figure>\n\n\n\n<p>__________________________________________________ septembre 2021 <a rel=\"noreferrer noopener\" href=\"https:\/\/haitienchoeur.org\/wp-content\/uploads\/2021\/09\/Bulletin-HENC-NUMERO-5-0709-1.pdf\" target=\"_blank\"><strong>num\u00e9ro 5<\/strong><\/a> <\/p>\n\n\n\n<figure class=\"wp-block-image size-full\"><img loading=\"lazy\" decoding=\"async\" width=\"986\" height=\"707\" src=\"https:\/\/haitienchoeur.org\/wp-content\/uploads\/2023\/10\/image-5.png\" alt=\"\" class=\"wp-image-1468\" srcset=\"https:\/\/haitienchoeur.org\/wp-content\/uploads\/2023\/10\/image-5.png 986w, https:\/\/haitienchoeur.org\/wp-content\/uploads\/2023\/10\/image-5-300x215.png 300w, https:\/\/haitienchoeur.org\/wp-content\/uploads\/2023\/10\/image-5-768x551.png 768w, https:\/\/haitienchoeur.org\/wp-content\/uploads\/2023\/10\/image-5-450x323.png 450w\" sizes=\"auto, (max-width: 986px) 100vw, 986px\" \/><\/figure>\n\n\n\n<p>__________________________________________________ janvier 2021 <strong><a rel=\"noreferrer noopener\" href=\"http:\/\/haitienchoeur.org\/wp-content\/uploads\/2021\/01\/bull-numero-4-HENC.pdf\" target=\"_blank\">num\u00e9ro 4<\/a> <\/strong><\/p>\n\n\n\n<figure class=\"wp-block-image size-full\"><img loading=\"lazy\" decoding=\"async\" width=\"985\" height=\"706\" src=\"https:\/\/haitienchoeur.org\/wp-content\/uploads\/2023\/10\/image-4.png\" alt=\"\" class=\"wp-image-1467\" srcset=\"https:\/\/haitienchoeur.org\/wp-content\/uploads\/2023\/10\/image-4.png 985w, https:\/\/haitienchoeur.org\/wp-content\/uploads\/2023\/10\/image-4-300x215.png 300w, https:\/\/haitienchoeur.org\/wp-content\/uploads\/2023\/10\/image-4-768x550.png 768w, https:\/\/haitienchoeur.org\/wp-content\/uploads\/2023\/10\/image-4-450x323.png 450w\" sizes=\"auto, (max-width: 985px) 100vw, 985px\" \/><\/figure>\n\n\n\n<p>__________________________________________________ novembre 2020 <strong><a rel=\"noreferrer noopener\" href=\"http:\/\/haitienchoeur.org\/wp-content\/uploads\/2020\/11\/Bulletin_Haiti_en_Choeur_2020-3.pdf\" target=\"_blank\">num\u00e9ro 3<\/a> <\/strong><\/p>\n\n\n\n<figure class=\"wp-block-image size-full\"><img loading=\"lazy\" decoding=\"async\" width=\"984\" height=\"694\" src=\"https:\/\/haitienchoeur.org\/wp-content\/uploads\/2023\/10\/image-3.png\" alt=\"\" class=\"wp-image-1465\" srcset=\"https:\/\/haitienchoeur.org\/wp-content\/uploads\/2023\/10\/image-3.png 984w, https:\/\/haitienchoeur.org\/wp-content\/uploads\/2023\/10\/image-3-300x212.png 300w, https:\/\/haitienchoeur.org\/wp-content\/uploads\/2023\/10\/image-3-768x542.png 768w, https:\/\/haitienchoeur.org\/wp-content\/uploads\/2023\/10\/image-3-450x317.png 450w\" sizes=\"auto, (max-width: 984px) 100vw, 984px\" \/><\/figure>\n\n\n\n<p>__________________________________________________ juillet-ao\u00fbt 2020 <a rel=\"noreferrer noopener\" href=\"http:\/\/haitienchoeur.org\/wp-content\/uploads\/2020\/08\/Bulletin_asso_Haiti_en_Choeur_2020-2.pdf\" target=\"_blank\"><strong>num\u00e9ro 2<\/strong><\/a> <\/p>\n\n\n\n<figure class=\"wp-block-image size-full\"><img loading=\"lazy\" decoding=\"async\" width=\"990\" height=\"641\" src=\"https:\/\/haitienchoeur.org\/wp-content\/uploads\/2023\/10\/image-2.png\" alt=\"\" class=\"wp-image-1463\" srcset=\"https:\/\/haitienchoeur.org\/wp-content\/uploads\/2023\/10\/image-2.png 990w, https:\/\/haitienchoeur.org\/wp-content\/uploads\/2023\/10\/image-2-300x194.png 300w, https:\/\/haitienchoeur.org\/wp-content\/uploads\/2023\/10\/image-2-768x497.png 768w, https:\/\/haitienchoeur.org\/wp-content\/uploads\/2023\/10\/image-2-450x291.png 450w\" sizes=\"auto, (max-width: 990px) 100vw, 990px\" \/><\/figure>\n\n\n\n<p>__________________________________________________ avril 2020 <a rel=\"noreferrer noopener\" href=\"http:\/\/haitienchoeur.org\/wp-content\/uploads\/2020\/04\/Bulletin_asso_Haiti_en_Choeur_2020-1.pdf\" target=\"_blank\"><strong>num\u00e9ro 1<\/strong><\/a> <\/p>\n\n\n\n<figure class=\"wp-block-image size-full\"><img loading=\"lazy\" decoding=\"async\" width=\"982\" height=\"718\" src=\"https:\/\/haitienchoeur.org\/wp-content\/uploads\/2023\/10\/image-1.png\" alt=\"\" class=\"wp-image-1461\" srcset=\"https:\/\/haitienchoeur.org\/wp-content\/uploads\/2023\/10\/image-1.png 982w, https:\/\/haitienchoeur.org\/wp-content\/uploads\/2023\/10\/image-1-300x219.png 300w, https:\/\/haitienchoeur.org\/wp-content\/uploads\/2023\/10\/image-1-768x562.png 768w, https:\/\/haitienchoeur.org\/wp-content\/uploads\/2023\/10\/image-1-450x329.png 450w\" sizes=\"auto, (max-width: 982px) 100vw, 982px\" \/><\/figure>\n\n\n\n<p><\/p>\n\n\n\n<p><\/p>\n","protected":false},"excerpt":{"rendered":"<p>Vous pouvez lire ici tous les num\u00e9ros de notre Lettre de Ha\u00efti en Choeur ! Elle pr\u00e9sente nos actions en faveur des \u00e9coles dont nous nous occupons et informe sur la vie \u00e9conomique, sociale et culturelle __________________________________________________ juillet 2025 num\u00e9ro 13 __________________________________________________ juillet 2024 num\u00e9ro 12 __________________________________________________ d\u00e9cembre 2023 num\u00e9ro 11 __________________________________________________ septembre 2023 num\u00e9ro [&hellip;]<\/p>\n","protected":false},"author":8,"featured_media":0,"parent":0,"menu_order":0,"comment_status":"closed","ping_status":"closed","template":"","meta":{"_exactmetrics_skip_tracking":false,"_exactmetrics_sitenote_active":false,"_exactmetrics_sitenote_note":"","_exactmetrics_sitenote_category":0,"footnotes":""},"class_list":["post-1447","page","type-page","status-publish","hentry","entry"],"_links":{"self":[{"href":"https:\/\/haitienchoeur.org\/index.php?rest_route=\/wp\/v2\/pages\/1447","targetHints":{"allow":["GET"]}}],"collection":[{"href":"https:\/\/haitienchoeur.org\/index.php?rest_route=\/wp\/v2\/pages"}],"about":[{"href":"https:\/\/haitienchoeur.org\/index.php?rest_route=\/wp\/v2\/types\/page"}],"author":[{"embeddable":true,"href":"https:\/\/haitienchoeur.org\/index.php?rest_route=\/wp\/v2\/users\/8"}],"replies":[{"embeddable":true,"href":"https:\/\/haitienchoeur.org\/index.php?rest_route=%2Fwp%2Fv2%2Fcomments&post=1447"}],"version-history":[{"count":36,"href":"https:\/\/haitienchoeur.org\/index.php?rest_route=\/wp\/v2\/pages\/1447\/revisions"}],"predecessor-version":[{"id":1619,"href":"https:\/\/haitienchoeur.org\/index.php?rest_route=\/wp\/v2\/pages\/1447\/revisions\/1619"}],"wp:attachment":[{"href":"https:\/\/haitienchoeur.org\/index.php?rest_route=%2Fwp%2Fv2%2Fmedia&parent=1447"}],"curies":[{"name":"wp","href":"https:\/\/api.w.org\/{rel}","templated":true}]}}