{"id":121,"date":"2017-03-27T13:55:30","date_gmt":"2017-03-27T11:55:30","guid":{"rendered":"http:\/\/haitienchoeur.org\/?page_id=121"},"modified":"2025-11-05T10:01:48","modified_gmt":"2025-11-05T09:01:48","slug":"faire-un-don","status":"publish","type":"page","link":"https:\/\/haitienchoeur.org\/?page_id=121","title":{"rendered":"Faire un don"},"content":{"rendered":"<h5 style=\"text-align: center;\"><span style=\"color: #008000;\">Cliquez sur un montant pour voir la description du don.<\/span><\/h5>\n<p style=\"text-align: justify;\"><strong><span style=\"color: #000000;\"><span style=\"color: #008000;\">ATTENTION!!!<\/span>\u00a0<\/span><\/strong><span style=\"color: #000000;\">Le suppl\u00e9ment sugg\u00e9r\u00e9 pour soutenir HelloAsso, plateforme de financement participatif que <em>HA\u00cfTI en Ch\u0153ur<\/em> utilise pour collecter ses dons et cotisations, est facultatif et peut-\u00eatre modifi\u00e9 ou supprim\u00e9 en cliquant sur modifier dans l\u2019\u00e9tape de validation du paiement de votre cotisation.<\/span><\/p>\n<p><em>Le don \u00e0 HA\u00cfTI en Ch\u0153ur ouvre droit \u00e0 une d\u00e9duction fiscale car elle remplit les conditions g\u00e9n\u00e9rales pr\u00e9vues aux articles 200 et 238 bis du code g\u00e9n\u00e9ral des imp\u00f4ts. Vous pouvez d\u00e9duire 66% de votre don dans la limite de 20% de votre revenu imposable.<\/em><\/p>\n<p style=\"text-align: justify;\"><em>Le suppl\u00e9ment sugg\u00e9r\u00e9 pour soutenir HelloAsso, plateforme de financement participatif que HA\u00cfTI en Ch\u0153ur utilise pour collecter ses dons et cotisations, est facultatif et peut-\u00eatre modifi\u00e9 ou supprim\u00e9 en cliquant sur modifier dans l\u2019\u00e9tape de validation du paiement de votre don.<\/em><\/p>\n\n\n<iframe id=\"haWidget\" allowtransparency=\"true\" scrolling=\"auto\" src=\"https:\/\/www.helloasso.com\/associations\/haiti-en-choeur\/formulaires\/1\/widget\" style=\"width: 100%; height: 750px; border: none;\"><\/iframe>\n\n\n\n<p><\/p>\n","protected":false},"excerpt":{"rendered":"<p>Cliquez sur un montant pour voir la description du don. ATTENTION!!!\u00a0Le suppl\u00e9ment sugg\u00e9r\u00e9 pour soutenir HelloAsso, plateforme de financement participatif que HA\u00cfTI en Ch\u0153ur utilise pour collecter ses dons et cotisations, est facultatif et peut-\u00eatre modifi\u00e9 ou supprim\u00e9 en cliquant sur modifier dans l\u2019\u00e9tape de validation du paiement de votre cotisation. Le don \u00e0 HA\u00cfTI [&hellip;]<\/p>\n","protected":false},"author":1,"featured_media":0,"parent":0,"menu_order":0,"comment_status":"closed","ping_status":"closed","template":"","meta":{"_exactmetrics_skip_tracking":false,"_exactmetrics_sitenote_active":false,"_exactmetrics_sitenote_note":"","_exactmetrics_sitenote_category":0,"footnotes":""},"class_list":["post-121","page","type-page","status-publish","hentry","entry"],"_links":{"self":[{"href":"https:\/\/haitienchoeur.org\/index.php?rest_route=\/wp\/v2\/pages\/121","targetHints":{"allow":["GET"]}}],"collection":[{"href":"https:\/\/haitienchoeur.org\/index.php?rest_route=\/wp\/v2\/pages"}],"about":[{"href":"https:\/\/haitienchoeur.org\/index.php?rest_route=\/wp\/v2\/types\/page"}],"author":[{"embeddable":true,"href":"https:\/\/haitienchoeur.org\/index.php?rest_route=\/wp\/v2\/users\/1"}],"replies":[{"embeddable":true,"href":"https:\/\/haitienchoeur.org\/index.php?rest_route=%2Fwp%2Fv2%2Fcomments&post=121"}],"version-history":[{"count":18,"href":"https:\/\/haitienchoeur.org\/index.php?rest_route=\/wp\/v2\/pages\/121\/revisions"}],"predecessor-version":[{"id":1638,"href":"https:\/\/haitienchoeur.org\/index.php?rest_route=\/wp\/v2\/pages\/121\/revisions\/1638"}],"wp:attachment":[{"href":"https:\/\/haitienchoeur.org\/index.php?rest_route=%2Fwp%2Fv2%2Fmedia&parent=121"}],"curies":[{"name":"wp","href":"https:\/\/api.w.org\/{rel}","templated":true}]}}