{"id":118,"date":"2017-03-27T13:54:21","date_gmt":"2017-03-27T11:54:21","guid":{"rendered":"http:\/\/haitienchoeur.org\/?page_id=118"},"modified":"2021-03-22T19:16:36","modified_gmt":"2021-03-22T18:16:36","slug":"sengager","status":"publish","type":"page","link":"https:\/\/haitienchoeur.org\/?page_id=118","title":{"rendered":"Adh\u00e9rer"},"content":{"rendered":"<p><\/p>\n<p style=\"text-align: justify;\"><strong><span style=\"color: #000000;\"><span style=\"color: #008000;\">ATTENTION!!!<\/span>&nbsp;<\/span><\/strong><span style=\"color: #000000;\">Le suppl\u00e9ment sugg\u00e9r\u00e9 pour soutenir HelloAsso, plateforme de financement participatif que <em>HA\u00cfTI en Ch\u0153ur<\/em> utilise pour collecter les dons et cotisations, est facultatif et peut-\u00eatre modifi\u00e9 ou supprim\u00e9 en cliquant sur modifier dans l\u2019\u00e9tape de validation du paiement de votre cotisation.<\/span><\/p>\n<p><iframe id=\"haWidget\" style=\"width: 100%; height: 750px; border: none;\" src=\"https:\/\/www.helloasso.com\/associations\/haiti-en-choeur\/adhesions\/adherer-a-l-association-2\/widget\" scrolling=\"auto\"><\/iframe><\/p>\n<div style=\"width: 100%; text-align: center;\"><\/div>\n<p><\/p>\n<\/div>\n<\/div>\n<\/div>","protected":false},"excerpt":{"rendered":"<p>ATTENTION!!!&nbsp;Le suppl\u00e9ment sugg\u00e9r\u00e9 pour soutenir HelloAsso, plateforme de financement participatif que HA\u00cfTI en Ch\u0153ur utilise pour collecter les dons et cotisations, est facultatif et peut-\u00eatre modifi\u00e9 ou supprim\u00e9 en cliquant sur modifier dans l\u2019\u00e9tape de validation du paiement de votre cotisation.<\/p>\n","protected":false},"author":1,"featured_media":0,"parent":0,"menu_order":0,"comment_status":"closed","ping_status":"closed","template":"","meta":{"_exactmetrics_skip_tracking":false,"_exactmetrics_sitenote_active":false,"_exactmetrics_sitenote_note":"","_exactmetrics_sitenote_category":0,"footnotes":""},"class_list":["post-118","page","type-page","status-publish","hentry","entry"],"_links":{"self":[{"href":"https:\/\/haitienchoeur.org\/index.php?rest_route=\/wp\/v2\/pages\/118","targetHints":{"allow":["GET"]}}],"collection":[{"href":"https:\/\/haitienchoeur.org\/index.php?rest_route=\/wp\/v2\/pages"}],"about":[{"href":"https:\/\/haitienchoeur.org\/index.php?rest_route=\/wp\/v2\/types\/page"}],"author":[{"embeddable":true,"href":"https:\/\/haitienchoeur.org\/index.php?rest_route=\/wp\/v2\/users\/1"}],"replies":[{"embeddable":true,"href":"https:\/\/haitienchoeur.org\/index.php?rest_route=%2Fwp%2Fv2%2Fcomments&post=118"}],"version-history":[{"count":17,"href":"https:\/\/haitienchoeur.org\/index.php?rest_route=\/wp\/v2\/pages\/118\/revisions"}],"predecessor-version":[{"id":1150,"href":"https:\/\/haitienchoeur.org\/index.php?rest_route=\/wp\/v2\/pages\/118\/revisions\/1150"}],"wp:attachment":[{"href":"https:\/\/haitienchoeur.org\/index.php?rest_route=%2Fwp%2Fv2%2Fmedia&parent=118"}],"curies":[{"name":"wp","href":"https:\/\/api.w.org\/{rel}","templated":true}]}}