{"id":110,"date":"2017-03-27T13:50:36","date_gmt":"2017-03-27T11:50:36","guid":{"rendered":"http:\/\/haitienchoeur.org\/?page_id=110"},"modified":"2020-09-09T14:49:57","modified_gmt":"2020-09-09T12:49:57","slug":"parrainage-ecole-notre-dame-des-petits","status":"publish","type":"page","link":"https:\/\/haitienchoeur.org\/?page_id=110","title":{"rendered":"Parrainage Ecole Notre Dame des Petits"},"content":{"rendered":"<h6 style=\"text-align: right;\"><em style=\"font-size: 0.8375rem;\">Projet de parrainage scolaire<br \/>\nD\u00e9veloppement durable par l\u2019\u00e9ducation<\/em><\/h6>\n<hr \/>\n<p style=\"text-align: center;\"><b>Institution Notre Dame des Petits (INDP)<\/b><\/p>\n<p style=\"text-align: center;\">Ave Ma\u00efs G\u00e2t\u00e9, Port-au-Prince, Ha\u00efti<\/p>\n<pre><i>A<\/i><i>vec\u00a0 seulement <strong>1<\/strong><\/i><b><i>0<\/i><\/b><i> \u20ac<\/i><i> par mois, nous scolarisons un enfant. A<\/i><i>idez-nous \u00e0 venir en aide aux enfants d\u00e9favoris\u00e9s de Port-au-Prince.<\/i><\/pre>\n<p><b>Objectifs<\/b><\/p>\n<p style=\"padding-left: 30px;\"><b>g\u00e9n\u00e9ral :<\/b><i> <\/i>Soutenir le d\u00e9veloppement d\u2019enfants ha\u00eftiens en leur donnant la possibilit\u00e9 d\u2019aller \u00e0 l\u2019\u00e9cole au moindre co\u00fbt ou gratuitement, selon le niveau de vie des familles, tout en ayant une formation solide et compl\u00e8te.<\/p>\n<p style=\"padding-left: 30px;\"><b>imm\u00e9diat :<i> <\/i><\/b>Renforcer la qualit\u00e9 du cycle primaire de l\u2019\u00e9cole Institution Notre Dame des Petits (INDP).<\/p>\n<p style=\"padding-left: 30px;\"><b>\u00e0 moyen terme: <\/b>Mettre en place progressivement le cycle secondaire (Coll\u00e8ge et Lyc\u00e9e).<\/p>\n<p>&nbsp;<\/p>\n<p><b>Activit\u00e9s<\/b><\/p>\n<p style=\"padding-left: 30px;\">Une cantine scolaire pour un repas par semaine.<\/p>\n<p style=\"padding-left: 30px;\">Ajustement du salaire des professeurs.<\/p>\n<p style=\"padding-left: 30px;\">Renforcement du syst\u00e8me de bourses et de demi-bourses d&rsquo;\u00e9tudes scolaires qui existe au sein de l\u2019Institution Notre Dame des Petits accessible aux familles nombreuses les plus d\u00e9favoris\u00e9es.<\/p>\n<p style=\"padding-left: 30px;\">Ouverture progressive du cycle secondaire (7 classes) pour la poursuite apr\u00e8s la classe de 6\u00e8me ann\u00e9e fondamentale<\/p>\n<p style=\"padding-left: 30px;\">Ouverture progressive d\u2019enseignement professionnalisant comme l\u2019Informatique, la Cuisine et p\u00e2tisserie, la couture, etc\u2026<\/p>\n<p>&nbsp;<\/p>\n<p><b>B\u00e9n\u00e9ficiaires<\/b><br \/>\nTous les enfants de conditions humbles et d\u00e9favoris\u00e9s des villes de Delmas et de Clercine.<\/p>\n<p><b>Participation des b\u00e9n\u00e9ficiaires<\/b><br \/>\nLes parents des enfants qui fr\u00e9quentent l\u2019\u00e9cole payeront des frais de scolarit\u00e9 minimums pour participer aux frais de fonctionnement de l\u2019Institution. Les plus d\u00e9favoris\u00e9s obtiendront des demi-bourses et des bourses d\u2019\u00e9tudes.<\/p>\n<p><b>Gestion et suivi\u00a0<\/b><br \/>\nHA\u00cfTI en Choeur g\u00e8re le projet. HA\u00cfTI en Choeur assure un suivi r\u00e9gulier appuy\u00e9 de photos et de vid\u00e9os.<\/p>\n<p><b>Calendrier des activit\u00e9s<\/b><br \/>\nseptembre 2017: rentr\u00e9e des classes. Ouverture de la 7e Ann\u00e9e fondamentale (classe de 6e en France).<\/p>\n<p><b>Effectif pr\u00e9vu<\/b>: 300 \u00e9l\u00e8ves.<\/p>\n<p style=\"text-align: center;\"><span style=\"color: #008000;\"><em><a style=\"color: #008000;\" href=\"http:\/\/haitienchoeur.org\/?page_id=121\">Faire un don<\/a><\/em><\/span><\/p>\n","protected":false},"excerpt":{"rendered":"<p>Projet de parrainage scolaire D\u00e9veloppement durable par l\u2019\u00e9ducation Institution Notre Dame des Petits (INDP) Ave Ma\u00efs G\u00e2t\u00e9, Port-au-Prince, Ha\u00efti Avec\u00a0 seulement 10 \u20ac par mois, nous scolarisons un enfant. Aidez-nous \u00e0 venir en aide aux enfants d\u00e9favoris\u00e9s de Port-au-Prince. Objectifs g\u00e9n\u00e9ral : Soutenir le d\u00e9veloppement d\u2019enfants ha\u00eftiens en leur donnant la possibilit\u00e9 d\u2019aller \u00e0 l\u2019\u00e9cole [&hellip;]<\/p>\n","protected":false},"author":1,"featured_media":958,"parent":0,"menu_order":0,"comment_status":"closed","ping_status":"closed","template":"","meta":{"_exactmetrics_skip_tracking":false,"_exactmetrics_sitenote_active":false,"_exactmetrics_sitenote_note":"","_exactmetrics_sitenote_category":0,"footnotes":""},"class_list":["post-110","page","type-page","status-publish","has-post-thumbnail","hentry","entry"],"_links":{"self":[{"href":"https:\/\/haitienchoeur.org\/index.php?rest_route=\/wp\/v2\/pages\/110","targetHints":{"allow":["GET"]}}],"collection":[{"href":"https:\/\/haitienchoeur.org\/index.php?rest_route=\/wp\/v2\/pages"}],"about":[{"href":"https:\/\/haitienchoeur.org\/index.php?rest_route=\/wp\/v2\/types\/page"}],"author":[{"embeddable":true,"href":"https:\/\/haitienchoeur.org\/index.php?rest_route=\/wp\/v2\/users\/1"}],"replies":[{"embeddable":true,"href":"https:\/\/haitienchoeur.org\/index.php?rest_route=%2Fwp%2Fv2%2Fcomments&post=110"}],"version-history":[{"count":16,"href":"https:\/\/haitienchoeur.org\/index.php?rest_route=\/wp\/v2\/pages\/110\/revisions"}],"predecessor-version":[{"id":1034,"href":"https:\/\/haitienchoeur.org\/index.php?rest_route=\/wp\/v2\/pages\/110\/revisions\/1034"}],"wp:featuredmedia":[{"embeddable":true,"href":"https:\/\/haitienchoeur.org\/index.php?rest_route=\/wp\/v2\/media\/958"}],"wp:attachment":[{"href":"https:\/\/haitienchoeur.org\/index.php?rest_route=%2Fwp%2Fv2%2Fmedia&parent=110"}],"curies":[{"name":"wp","href":"https:\/\/api.w.org\/{rel}","templated":true}]}}