{"id":107,"date":"2017-03-27T13:49:40","date_gmt":"2017-03-27T11:49:40","guid":{"rendered":"http:\/\/haitienchoeur.org\/?page_id=107"},"modified":"2020-09-09T14:52:04","modified_gmt":"2020-09-09T12:52:04","slug":"parrainage-ecole-saint-jean-de-shanghai","status":"publish","type":"page","link":"https:\/\/haitienchoeur.org\/?page_id=107","title":{"rendered":"Parrainage Ecole Saint Jean de Shangha\u00ef"},"content":{"rendered":"<h6 style=\"text-align: right;\"><em style=\"font-size: 0.8375rem;\">Projet de parrainage scolaire<br \/>\nD\u00e9veloppement durable par l\u2019\u00e9ducation<\/em><\/h6>\n<hr \/>\n<h6 style=\"text-align: center;\"><b>Ecole Saint Jean de Shangha<\/b><b>\u00ef et de San Francisco<\/b><\/h6>\n<p style=\"text-align: center;\">Ville des Cayes, au Sud d\u2019Ha\u00efti<\/p>\n<pre><em>A<\/em><i>vec\u00a0 seulement <\/i><i><strong>10<\/strong> \u20ac<\/i><i> par mois, nous scolarisons un enfant.\u00a0<\/i><i>Aidez nous \u00e0 venir en aide aux enfants d\u00e9favoris\u00e9s de la ville des Cayes.<\/i><\/pre>\n<p>&nbsp;<\/p>\n<p><b>Contexte<\/b><br \/>\nCe projet a pris naissance apr\u00e8s le passage du terrible ouragan d\u2019octobre 2016 qui a caus\u00e9 des centaines de morts et environ 1,4 millions de personnes n\u00e9cessitant une aide humanitaire au sud d\u2019Ha\u00efti. La ville des Cayes a \u00e9t\u00e9 compl\u00e8tement inond\u00e9e et beaucoup de familles ont perdu leurs maisons d\u2019habitation et leurs biens.<\/p>\n<p>&nbsp;<\/p>\n<p><b>Objectifs<\/b><\/p>\n<p style=\"padding-left: 30px;\"><strong><em>g\u00e9n\u00e9ral: <\/em><\/strong>Le projet a pour objectif de collecter des fonds pour financer, dans la ville des Cayes, l\u2019une des villes les plus touch\u00e9es par l\u2019ouragan Matthew, l\u2019Ecole Saint Jean de Shangha\u00ef et de San Francisco. Celle-ci accueille des enfants d\u00e9favoris\u00e9s rest\u00e9s \u00e0 la maison ou dans les rues parce que leurs parents n\u2019ont pas les moyens de payer les frais de scolarit\u00e9. En effet, l\u2019\u00e9cole reste un luxe en Ha\u00efti.<\/p>\n<p style=\"padding-left: 30px;\"><em><b>imm\u00e9diat:<\/b><\/em> L\u2019institution est fond\u00e9e en novembre 2016 et a accueilli 48 enfants d\u00e9sesp\u00e9r\u00e9s de reprendre l\u2019\u00e9cole. L\u2019argent collect\u00e9 sert au paiement des professeurs \u00e0 la mise en place d\u2019une cantine scolaire distribuant un plat chaud par semaine aux \u00e9coliers. La plupart de ces enfants en effet viennent \u00e0 l\u2019\u00e9cole \u00e0 jeun et n\u2019ont pas l\u2019assurance de recevoir chez eux un repas chaud \u00e9quilibr\u00e9 au cours de la journ\u00e9e. Cette situation p\u00e9nalise l\u2019apprentissage scolaire des enfants, voire est l\u2019une des causes directes de l\u2019\u00e9chec scolaire et du d\u00e9crochage.<\/p>\n<p style=\"padding-left: 30px;\"><b><em>\u00e0 moyen terme:<\/em> <\/b>Avec votre soutien, chaque ann\u00e9e, ouvrir une nouvelle classe jusqu\u2019\u00e0 la 6e ann\u00e9e fondamentale (CM2).<\/p>\n<p><b>B\u00e9n\u00e9ficiaires<\/b><br \/>\nLes b\u00e9n\u00e9ficiaires du projet sont des pauvres sinistr\u00e9s ou d\u00e9favoris\u00e9s de la ville des Cayes.<\/p>\n<p><b>Gestion et suivi\u00a0<\/b><br \/>\nHA\u00cfTI en Choeur g\u00e8re le projet. HA\u00cfTI en Choeur fait un suivi r\u00e9gulier appuy\u00e9 de photos.<\/p>\n<p><b>Calendrier<\/b><br \/>\nNovembre 2016: Reprise des cours.<br \/>\nSeptembre 2017: Ouverture de la 1e Ann\u00e9e fondamentale.<\/p>\n<p><b>Effectif pr\u00e9vu<\/b> pour l\u2019ann\u00e9e 2017-2018: 100 \u00e9coliers.<\/p>\n<p>&nbsp;<\/p>\n<p style=\"text-align: center;\"><em><span style=\"color: #008000;\"><a style=\"color: #008000;\" href=\"http:\/\/haitienchoeur.org\/?page_id=121\">Faire un don<\/a><\/span><\/em><\/p>\n","protected":false},"excerpt":{"rendered":"<p>Projet de parrainage scolaire D\u00e9veloppement durable par l\u2019\u00e9ducation Ecole Saint Jean de Shangha\u00ef et de San Francisco Ville des Cayes, au Sud d\u2019Ha\u00efti Avec\u00a0 seulement 10 \u20ac par mois, nous scolarisons un enfant.\u00a0Aidez nous \u00e0 venir en aide aux enfants d\u00e9favoris\u00e9s de la ville des Cayes. &nbsp; Contexte Ce projet a pris naissance apr\u00e8s le [&hellip;]<\/p>\n","protected":false},"author":1,"featured_media":0,"parent":0,"menu_order":0,"comment_status":"closed","ping_status":"closed","template":"","meta":{"_exactmetrics_skip_tracking":false,"_exactmetrics_sitenote_active":false,"_exactmetrics_sitenote_note":"","_exactmetrics_sitenote_category":0,"footnotes":""},"class_list":["post-107","page","type-page","status-publish","hentry","entry"],"_links":{"self":[{"href":"https:\/\/haitienchoeur.org\/index.php?rest_route=\/wp\/v2\/pages\/107","targetHints":{"allow":["GET"]}}],"collection":[{"href":"https:\/\/haitienchoeur.org\/index.php?rest_route=\/wp\/v2\/pages"}],"about":[{"href":"https:\/\/haitienchoeur.org\/index.php?rest_route=\/wp\/v2\/types\/page"}],"author":[{"embeddable":true,"href":"https:\/\/haitienchoeur.org\/index.php?rest_route=\/wp\/v2\/users\/1"}],"replies":[{"embeddable":true,"href":"https:\/\/haitienchoeur.org\/index.php?rest_route=%2Fwp%2Fv2%2Fcomments&post=107"}],"version-history":[{"count":14,"href":"https:\/\/haitienchoeur.org\/index.php?rest_route=\/wp\/v2\/pages\/107\/revisions"}],"predecessor-version":[{"id":1037,"href":"https:\/\/haitienchoeur.org\/index.php?rest_route=\/wp\/v2\/pages\/107\/revisions\/1037"}],"wp:attachment":[{"href":"https:\/\/haitienchoeur.org\/index.php?rest_route=%2Fwp%2Fv2%2Fmedia&parent=107"}],"curies":[{"name":"wp","href":"https:\/\/api.w.org\/{rel}","templated":true}]}}